{"id":72,"date":"2023-05-06T07:33:40","date_gmt":"2023-05-06T07:33:40","guid":{"rendered":"http:\/\/www.skutecki.pl\/Szkaradek\/?page_id=72"},"modified":"2023-05-12T10:45:00","modified_gmt":"2023-05-12T10:45:00","slug":"o-projekcie","status":"publish","type":"page","link":"https:\/\/www.szkaradek.skutecki.pl\/?page_id=72","title":{"rendered":"O projekcie"},"content":{"rendered":"\n<p>&#8222;Szkaradek. Malarz wolno\u015bci&#8221; jest projektem realizowanym przez Fundacj\u0119 B\u0119dziem Polakami przy wsparciu finansowym Ministerstwa Kultury i Dziedzictwa Narodowego. Projekt obejmuje m.in. pi\u0119\u0107 odcink\u00f3w videobloga oraz stron\u0119 internetow\u0105. <\/p>\n\n\n\n<p><strong>Zamierzamy przygotowa\u0107 r\u00f3wnie\u017c film dokumentalny dotycz\u0105cy postaci i tw\u00f3rczo\u015bci Jana Szkaradka. <\/strong><\/p>\n\n\n\n<p class=\"has-text-align-left\">Zach\u0119camy do wsparcia realizacji filmu za pomoc\u0105 przelewu tradycyjnego:&nbsp;<br><strong>Fundacja \u201eB\u0119dziem Polakami\u201d<\/strong>&nbsp;<br>ul. Podhala\u0144ska 3<br>85-132 Bydgoszcz<br>PKO BP PL04 1020 1462 0000 7902 0326 0783<br><strong>Tytu\u0142 przelewu<\/strong>:&nbsp;<em>darowizna na cele statutowe<\/em>&nbsp;<\/p>\n\n\n\n<pre class=\"wp-block-code\"><code><form action=\"https:\/\/www.paypal.com\/cgi-bin\/webscr\" method=\"post\" target=\"_top\"><input name=\"cmd\" type=\"hidden\" value=\"_s-xclick\"> <input name=\"hosted_button_id\" type=\"hidden\" value=\"YY5EK6CLDMWQL\"> <input title=\"PayPal - The safer, easier way to pay online!\" alt=\"Przeka\u017c darowizn\u0119 za pomoc\u0105 przycisku PayPal\" name=\"submit\" src=\"https:\/\/www.paypalobjects.com\/pl_PL\/PL\/i\/btn\/btn_donateCC_LG.gif\" type=\"image\"> <img decoding=\"async\" loading=\"lazy\" src=\"https:\/\/www.paypal.com\/pl_PL\/i\/scr\/pixel.gif\" alt=\"\" width=\"1\" height=\"1\" border=\"0\" in6ia7vpr=\"\"><input type=\"hidden\" value=\"\" name=\"recaptchaResponse\"><\/form><\/code><\/pre>\n\n\n\n<p>Autorzy strony internetowej <a href=\"http:\/\/www.szkaradek.art\">www.szkaradek.art<\/a> zwracaj\u0105 si\u0119 do uczni\u00f3w, przyjaci\u00f3\u0142, wsp\u00f3\u0142pracownik\u00f3w, fan\u00f3w talentu Jana Szkaradka z pro\u015bb\u0105 o przysy\u0142anie swoich wspomnie\u0144 z nim zwi\u0105zanych, zdj\u0119\u0107 jego prac itp. Przygotujemy tak\u017ce film dokumentalny po\u015bwi\u0119cony arty\u015bcie &#8211; zapraszamy do kontaktu: fundacja@bedziempolakami.org <\/p>\n\n\n\n<div style=\"height:100px\" aria-hidden=\"true\" class=\"wp-block-spacer\"><\/div>\n\n\n\n<figure class=\"wp-block-image size-large\"><img decoding=\"async\" loading=\"lazy\" width=\"1024\" height=\"113\" src=\"http:\/\/www.szkaradek.skutecki.pl\/wp-content\/uploads\/2023\/05\/dofinansowano-1024x113.png\" alt=\"\" class=\"wp-image-165\" srcset=\"https:\/\/www.szkaradek.skutecki.pl\/wp-content\/uploads\/2023\/05\/dofinansowano-1024x113.png 1024w, https:\/\/www.szkaradek.skutecki.pl\/wp-content\/uploads\/2023\/05\/dofinansowano-300x33.png 300w, https:\/\/www.szkaradek.skutecki.pl\/wp-content\/uploads\/2023\/05\/dofinansowano-768x85.png 768w, https:\/\/www.szkaradek.skutecki.pl\/wp-content\/uploads\/2023\/05\/dofinansowano-1536x169.png 1536w, https:\/\/www.szkaradek.skutecki.pl\/wp-content\/uploads\/2023\/05\/dofinansowano.png 1742w\" sizes=\"(max-width: 1024px) 100vw, 1024px\" \/><\/figure>\n","protected":false},"excerpt":{"rendered":"<p>&#8222;Szkaradek. Malarz wolno\u015bci&#8221; jest projektem realizowanym przez Fundacj\u0119 B\u0119dziem Polakami przy wsparciu finansowym Ministerstwa Kultury i Dziedzictwa Narodowego. Projekt obejmuje m.in. pi\u0119\u0107 odcink\u00f3w videobloga oraz stron\u0119 internetow\u0105. Zamierzamy przygotowa\u0107 r\u00f3wnie\u017c film dokumentalny dotycz\u0105cy postaci i tw\u00f3rczo\u015bci Jana Szkaradka. Zach\u0119camy do wsparcia realizacji filmu za pomoc\u0105 przelewu tradycyjnego:&nbsp;Fundacja \u201eB\u0119dziem Polakami\u201d&nbsp;ul. Podhala\u0144ska 385-132 BydgoszczPKO BP PL04 1020 [&hellip;]<\/p>\n","protected":false},"author":1,"featured_media":0,"parent":0,"menu_order":0,"comment_status":"closed","ping_status":"closed","template":"","meta":[],"_links":{"self":[{"href":"https:\/\/www.szkaradek.skutecki.pl\/index.php?rest_route=\/wp\/v2\/pages\/72"}],"collection":[{"href":"https:\/\/www.szkaradek.skutecki.pl\/index.php?rest_route=\/wp\/v2\/pages"}],"about":[{"href":"https:\/\/www.szkaradek.skutecki.pl\/index.php?rest_route=\/wp\/v2\/types\/page"}],"author":[{"embeddable":true,"href":"https:\/\/www.szkaradek.skutecki.pl\/index.php?rest_route=\/wp\/v2\/users\/1"}],"replies":[{"embeddable":true,"href":"https:\/\/www.szkaradek.skutecki.pl\/index.php?rest_route=%2Fwp%2Fv2%2Fcomments&post=72"}],"version-history":[{"count":9,"href":"https:\/\/www.szkaradek.skutecki.pl\/index.php?rest_route=\/wp\/v2\/pages\/72\/revisions"}],"predecessor-version":[{"id":230,"href":"https:\/\/www.szkaradek.skutecki.pl\/index.php?rest_route=\/wp\/v2\/pages\/72\/revisions\/230"}],"wp:attachment":[{"href":"https:\/\/www.szkaradek.skutecki.pl\/index.php?rest_route=%2Fwp%2Fv2%2Fmedia&parent=72"}],"curies":[{"name":"wp","href":"https:\/\/api.w.org\/{rel}","templated":true}]}}