{"id":213,"date":"2023-05-08T15:08:25","date_gmt":"2023-05-08T15:08:25","guid":{"rendered":"http:\/\/www.szkaradek.skutecki.pl\/?page_id=213"},"modified":"2023-05-08T15:21:11","modified_gmt":"2023-05-08T15:21:11","slug":"jan-szkaradek","status":"publish","type":"page","link":"https:\/\/www.szkaradek.skutecki.pl\/","title":{"rendered":"Jan Szkaradek"},"content":{"rendered":"<p style=\"text-align: left;\"><img decoding=\"async\" loading=\"lazy\" class=\"size-medium wp-image-155 alignleft\" src=\"http:\/\/www.szkaradek.skutecki.pl\/wp-content\/uploads\/2023\/05\/8-199x300.jpg\" alt=\"\" width=\"199\" height=\"300\" srcset=\"https:\/\/www.szkaradek.skutecki.pl\/wp-content\/uploads\/2023\/05\/8-199x300.jpg 199w, https:\/\/www.szkaradek.skutecki.pl\/wp-content\/uploads\/2023\/05\/8-680x1024.jpg 680w, https:\/\/www.szkaradek.skutecki.pl\/wp-content\/uploads\/2023\/05\/8-768x1156.jpg 768w, https:\/\/www.szkaradek.skutecki.pl\/wp-content\/uploads\/2023\/05\/8-1020x1536.jpg 1020w, https:\/\/www.szkaradek.skutecki.pl\/wp-content\/uploads\/2023\/05\/8-1361x2048.jpg 1361w, https:\/\/www.szkaradek.skutecki.pl\/wp-content\/uploads\/2023\/05\/8-scaled.jpg 1701w\" sizes=\"(max-width: 199px) 100vw, 199px\" \/>Urodzi\u0142 si\u0119 12 maja 1933 roku, zmar\u0142 28 stycznia 1999 roku. Wikipedia myli si\u0119 odno\u015bnie obu dat. Ca\u0142e dojrza\u0142e \u017cycie sp\u0119dzi\u0142 w Bydgoszczy. Sko\u0144czy\u0142 bydgoskie liceum plastyczne i toru\u0144sk\u0105 ASP. By\u0142 malarzem, w latach 50. i 60. docenianym i szanowanym. Pokazywa\u0142 swoje prace w ca\u0142ej Polsce, je\u017adzi\u0142 na zagraniczne plenery. Uczy\u0142 w bydgoskim plastyku. Potem przysz\u0142y dla niego mroczne czasy. Problemy rodzinne i osobiste, alkohol \u2013 straci\u0142 wszystko. Za kradzie\u017ce trafi\u0142 pierwszy raz do wi\u0119zienia, a potem drugi&#8230; Za kratami uczy\u0142 zb\u00f3j\u00f3w wra\u017cliwo\u015bci na sztuk\u0119, organizowa\u0142 wystawy. Zmar\u0142 nied\u0142ugo po wyj\u015bciu z kolejnej odsiadki. By\u0142 z jednej strony sybaryt\u0105 i dusz\u0105 towarzystwa, ale r\u00f3wnocze\u015bnie jest pami\u0119tany jako pe\u0142en wra\u017cliwo\u015bci, skryty w sobie artysta szukaj\u0105cy w sztuce odpowiedzi na fundamentalne pytania o sens \u015bwiata. Kim naprawd\u0119 by\u0142 Jan Szkaradek?<\/p>\n\n\n<div style=\"height:100px\" aria-hidden=\"true\" class=\"wp-block-spacer\"><\/div>\n\n\n\n<figure class=\"wp-block-image size-large\"><img decoding=\"async\" loading=\"lazy\" width=\"1024\" height=\"113\" src=\"http:\/\/www.szkaradek.skutecki.pl\/wp-content\/uploads\/2023\/05\/dofinansowano-1024x113.png\" alt=\"\" class=\"wp-image-165\" srcset=\"https:\/\/www.szkaradek.skutecki.pl\/wp-content\/uploads\/2023\/05\/dofinansowano-1024x113.png 1024w, https:\/\/www.szkaradek.skutecki.pl\/wp-content\/uploads\/2023\/05\/dofinansowano-300x33.png 300w, https:\/\/www.szkaradek.skutecki.pl\/wp-content\/uploads\/2023\/05\/dofinansowano-768x85.png 768w, https:\/\/www.szkaradek.skutecki.pl\/wp-content\/uploads\/2023\/05\/dofinansowano-1536x169.png 1536w, https:\/\/www.szkaradek.skutecki.pl\/wp-content\/uploads\/2023\/05\/dofinansowano.png 1742w\" sizes=\"(max-width: 1024px) 100vw, 1024px\" \/><\/figure>\n","protected":false},"excerpt":{"rendered":"<p>Urodzi\u0142 si\u0119 12 maja 1933 roku, zmar\u0142 28 stycznia 1999 roku. Wikipedia myli si\u0119 odno\u015bnie obu dat. Ca\u0142e dojrza\u0142e \u017cycie sp\u0119dzi\u0142 w Bydgoszczy. Sko\u0144czy\u0142 bydgoskie liceum plastyczne i toru\u0144sk\u0105 ASP. By\u0142 malarzem, w latach 50. i 60. docenianym i szanowanym. Pokazywa\u0142 swoje prace w ca\u0142ej Polsce, je\u017adzi\u0142 na zagraniczne plenery. Uczy\u0142 w bydgoskim plastyku. Potem [&hellip;]<\/p>\n","protected":false},"author":1,"featured_media":0,"parent":0,"menu_order":0,"comment_status":"closed","ping_status":"closed","template":"","meta":[],"_links":{"self":[{"href":"https:\/\/www.szkaradek.skutecki.pl\/index.php?rest_route=\/wp\/v2\/pages\/213"}],"collection":[{"href":"https:\/\/www.szkaradek.skutecki.pl\/index.php?rest_route=\/wp\/v2\/pages"}],"about":[{"href":"https:\/\/www.szkaradek.skutecki.pl\/index.php?rest_route=\/wp\/v2\/types\/page"}],"author":[{"embeddable":true,"href":"https:\/\/www.szkaradek.skutecki.pl\/index.php?rest_route=\/wp\/v2\/users\/1"}],"replies":[{"embeddable":true,"href":"https:\/\/www.szkaradek.skutecki.pl\/index.php?rest_route=%2Fwp%2Fv2%2Fcomments&post=213"}],"version-history":[{"count":3,"href":"https:\/\/www.szkaradek.skutecki.pl\/index.php?rest_route=\/wp\/v2\/pages\/213\/revisions"}],"predecessor-version":[{"id":217,"href":"https:\/\/www.szkaradek.skutecki.pl\/index.php?rest_route=\/wp\/v2\/pages\/213\/revisions\/217"}],"wp:attachment":[{"href":"https:\/\/www.szkaradek.skutecki.pl\/index.php?rest_route=%2Fwp%2Fv2%2Fmedia&parent=213"}],"curies":[{"name":"wp","href":"https:\/\/api.w.org\/{rel}","templated":true}]}}